{"id":45,"date":"2023-10-25T12:20:40","date_gmt":"2023-10-25T10:20:40","guid":{"rendered":"http:\/\/villa.multi.local\/?page_id=45"},"modified":"2026-05-05T15:41:01","modified_gmt":"2026-05-05T13:41:01","slug":"gites-et-salles","status":"publish","type":"page","link":"https:\/\/champagne-adcoutelas.com\/gites\/gites-et-salles\/","title":{"rendered":"G\u00eetes et Salles de R\u00e9ception A.D Coutelas"},"content":{"rendered":"","protected":false},"excerpt":{"rendered":"","protected":false},"author":1,"featured_media":0,"parent":0,"menu_order":0,"comment_status":"closed","ping_status":"closed","template":"","meta":{"inline_featured_image":false,"footnotes":""},"class_list":["post-45","page","type-page","status-publish","hentry"],"acf":[],"yoast_head":"<!-- This site is optimized with the Yoast SEO plugin v25.2 - https:\/\/yoast.com\/wordpress\/plugins\/seo\/ -->\n<title>G\u00eetes et Salles de R\u00e9ception A.D Coutelas - G\u00eete AD Coutelas<\/title>\n<meta name=\"description\" content=\"G\u00eetes au coeur de la Champagne, La Villa Louis Victor vous accueille au sein de notre Domaine de DIZY, avec son g\u00eete grande capacit\u00e9 de 14 personnes et nos deux autres g\u00eetes de 3 personnes. D\u00e9couvrez \u00e9galement notre g\u00eete en Rooftop situ\u00e9 \u00e0 Epernay en Hyper Centre ainsi que notre g\u00eete de Villers situ\u00e9 au Coeur de la Vall\u00e9e \u00e0 Villers sous Ch\u00e2tillon.\" \/>\n<meta name=\"robots\" content=\"index, follow, max-snippet:-1, max-image-preview:large, max-video-preview:-1\" \/>\n<link rel=\"canonical\" href=\"https:\/\/champagne-adcoutelas.com\/gites\/gites-et-salles\/\" \/>\n<meta property=\"og:locale\" content=\"fr_FR\" \/>\n<meta property=\"og:type\" content=\"article\" \/>\n<meta property=\"og:title\" content=\"G\u00eetes et Salles de R\u00e9ception A.D Coutelas - G\u00eete AD Coutelas\" \/>\n<meta property=\"og:description\" content=\"G\u00eetes au coeur de la Champagne, La Villa Louis Victor vous accueille au sein de notre Domaine de DIZY, avec son g\u00eete grande capacit\u00e9 de 14 personnes et nos deux autres g\u00eetes de 3 personnes. D\u00e9couvrez \u00e9galement notre g\u00eete en Rooftop situ\u00e9 \u00e0 Epernay en Hyper Centre ainsi que notre g\u00eete de Villers situ\u00e9 au Coeur de la Vall\u00e9e \u00e0 Villers sous Ch\u00e2tillon.\" \/>\n<meta property=\"og:url\" content=\"https:\/\/champagne-adcoutelas.com\/gites\/gites-et-salles\/\" \/>\n<meta property=\"og:site_name\" content=\"G\u00eete AD Coutelas\" \/>\n<meta property=\"article:publisher\" content=\"https:\/\/www.facebook.com\/champagneadcoutelas\" \/>\n<meta property=\"article:modified_time\" content=\"2026-05-05T13:41:01+00:00\" \/>\n<meta name=\"twitter:card\" content=\"summary_large_image\" \/>\n<script type=\"application\/ld+json\" class=\"yoast-schema-graph\">{\"@context\":\"https:\/\/schema.org\",\"@graph\":[{\"@type\":\"WebPage\",\"@id\":\"https:\/\/champagne-adcoutelas.com\/gites\/gites-et-salles\/\",\"url\":\"https:\/\/champagne-adcoutelas.com\/gites\/gites-et-salles\/\",\"name\":\"G\u00eetes et Salles de R\u00e9ception A.D Coutelas - G\u00eete AD Coutelas\",\"isPartOf\":{\"@id\":\"https:\/\/champagne-adcoutelas.com\/gites\/#website\"},\"datePublished\":\"2023-10-25T10:20:40+00:00\",\"dateModified\":\"2026-05-05T13:41:01+00:00\",\"description\":\"G\u00eetes au coeur de la Champagne, La Villa Louis Victor vous accueille au sein de notre Domaine de DIZY, avec son g\u00eete grande capacit\u00e9 de 14 personnes et nos deux autres g\u00eetes de 3 personnes. D\u00e9couvrez \u00e9galement notre g\u00eete en Rooftop situ\u00e9 \u00e0 Epernay en Hyper Centre ainsi que notre g\u00eete de Villers situ\u00e9 au Coeur de la Vall\u00e9e \u00e0 Villers sous Ch\u00e2tillon.\",\"breadcrumb\":{\"@id\":\"https:\/\/champagne-adcoutelas.com\/gites\/gites-et-salles\/#breadcrumb\"},\"inLanguage\":\"fr-FR\",\"potentialAction\":[{\"@type\":\"ReadAction\",\"target\":[\"https:\/\/champagne-adcoutelas.com\/gites\/gites-et-salles\/\"]}]},{\"@type\":\"BreadcrumbList\",\"@id\":\"https:\/\/champagne-adcoutelas.com\/gites\/gites-et-salles\/#breadcrumb\",\"itemListElement\":[{\"@type\":\"ListItem\",\"position\":1,\"name\":\"Accueil\",\"item\":\"https:\/\/champagne-adcoutelas.com\/gites\/\"},{\"@type\":\"ListItem\",\"position\":2,\"name\":\"G\u00eetes et Salles de R\u00e9ception A.D Coutelas\"}]},{\"@type\":\"WebSite\",\"@id\":\"https:\/\/champagne-adcoutelas.com\/gites\/#website\",\"url\":\"https:\/\/champagne-adcoutelas.com\/gites\/\",\"name\":\"Villa Louis Victor\",\"description\":\"Une sensation de bonheur\",\"publisher\":{\"@id\":\"https:\/\/champagne-adcoutelas.com\/gites\/#organization\"},\"potentialAction\":[{\"@type\":\"SearchAction\",\"target\":{\"@type\":\"EntryPoint\",\"urlTemplate\":\"https:\/\/champagne-adcoutelas.com\/gites\/?s={search_term_string}\"},\"query-input\":{\"@type\":\"PropertyValueSpecification\",\"valueRequired\":true,\"valueName\":\"search_term_string\"}}],\"inLanguage\":\"fr-FR\"},{\"@type\":\"Organization\",\"@id\":\"https:\/\/champagne-adcoutelas.com\/gites\/#organization\",\"name\":\"Villa Louis Victor\",\"url\":\"https:\/\/champagne-adcoutelas.com\/gites\/\",\"logo\":{\"@type\":\"ImageObject\",\"inLanguage\":\"fr-FR\",\"@id\":\"https:\/\/champagne-adcoutelas.com\/gites\/#\/schema\/logo\/image\/\",\"url\":\"https:\/\/champagne-adcoutelas.com\/gites\/wp-content\/uploads\/sites\/3\/2025\/03\/logo-blanc.png\",\"contentUrl\":\"https:\/\/champagne-adcoutelas.com\/gites\/wp-content\/uploads\/sites\/3\/2025\/03\/logo-blanc.png\",\"width\":200,\"height\":200,\"caption\":\"Villa Louis Victor\"},\"image\":{\"@id\":\"https:\/\/champagne-adcoutelas.com\/gites\/#\/schema\/logo\/image\/\"},\"sameAs\":[\"https:\/\/www.facebook.com\/champagneadcoutelas\",\"https:\/\/www.instagram.com\/villalouisvictor\/\"]}]}<\/script>\n<!-- \/ Yoast SEO plugin. -->","yoast_head_json":{"title":"G\u00eetes et Salles de R\u00e9ception A.D Coutelas - G\u00eete AD Coutelas","description":"G\u00eetes au coeur de la Champagne, La Villa Louis Victor vous accueille au sein de notre Domaine de DIZY, avec son g\u00eete grande capacit\u00e9 de 14 personnes et nos deux autres g\u00eetes de 3 personnes. D\u00e9couvrez \u00e9galement notre g\u00eete en Rooftop situ\u00e9 \u00e0 Epernay en Hyper Centre ainsi que notre g\u00eete de Villers situ\u00e9 au Coeur de la Vall\u00e9e \u00e0 Villers sous Ch\u00e2tillon.","robots":{"index":"index","follow":"follow","max-snippet":"max-snippet:-1","max-image-preview":"max-image-preview:large","max-video-preview":"max-video-preview:-1"},"canonical":"https:\/\/champagne-adcoutelas.com\/gites\/gites-et-salles\/","og_locale":"fr_FR","og_type":"article","og_title":"G\u00eetes et Salles de R\u00e9ception A.D Coutelas - G\u00eete AD Coutelas","og_description":"G\u00eetes au coeur de la Champagne, La Villa Louis Victor vous accueille au sein de notre Domaine de DIZY, avec son g\u00eete grande capacit\u00e9 de 14 personnes et nos deux autres g\u00eetes de 3 personnes. D\u00e9couvrez \u00e9galement notre g\u00eete en Rooftop situ\u00e9 \u00e0 Epernay en Hyper Centre ainsi que notre g\u00eete de Villers situ\u00e9 au Coeur de la Vall\u00e9e \u00e0 Villers sous Ch\u00e2tillon.","og_url":"https:\/\/champagne-adcoutelas.com\/gites\/gites-et-salles\/","og_site_name":"G\u00eete AD Coutelas","article_publisher":"https:\/\/www.facebook.com\/champagneadcoutelas","article_modified_time":"2026-05-05T13:41:01+00:00","twitter_card":"summary_large_image","schema":{"@context":"https:\/\/schema.org","@graph":[{"@type":"WebPage","@id":"https:\/\/champagne-adcoutelas.com\/gites\/gites-et-salles\/","url":"https:\/\/champagne-adcoutelas.com\/gites\/gites-et-salles\/","name":"G\u00eetes et Salles de R\u00e9ception A.D Coutelas - G\u00eete AD Coutelas","isPartOf":{"@id":"https:\/\/champagne-adcoutelas.com\/gites\/#website"},"datePublished":"2023-10-25T10:20:40+00:00","dateModified":"2026-05-05T13:41:01+00:00","description":"G\u00eetes au coeur de la Champagne, La Villa Louis Victor vous accueille au sein de notre Domaine de DIZY, avec son g\u00eete grande capacit\u00e9 de 14 personnes et nos deux autres g\u00eetes de 3 personnes. D\u00e9couvrez \u00e9galement notre g\u00eete en Rooftop situ\u00e9 \u00e0 Epernay en Hyper Centre ainsi que notre g\u00eete de Villers situ\u00e9 au Coeur de la Vall\u00e9e \u00e0 Villers sous Ch\u00e2tillon.","breadcrumb":{"@id":"https:\/\/champagne-adcoutelas.com\/gites\/gites-et-salles\/#breadcrumb"},"inLanguage":"fr-FR","potentialAction":[{"@type":"ReadAction","target":["https:\/\/champagne-adcoutelas.com\/gites\/gites-et-salles\/"]}]},{"@type":"BreadcrumbList","@id":"https:\/\/champagne-adcoutelas.com\/gites\/gites-et-salles\/#breadcrumb","itemListElement":[{"@type":"ListItem","position":1,"name":"Accueil","item":"https:\/\/champagne-adcoutelas.com\/gites\/"},{"@type":"ListItem","position":2,"name":"G\u00eetes et Salles de R\u00e9ception A.D Coutelas"}]},{"@type":"WebSite","@id":"https:\/\/champagne-adcoutelas.com\/gites\/#website","url":"https:\/\/champagne-adcoutelas.com\/gites\/","name":"Villa Louis Victor","description":"Une sensation de bonheur","publisher":{"@id":"https:\/\/champagne-adcoutelas.com\/gites\/#organization"},"potentialAction":[{"@type":"SearchAction","target":{"@type":"EntryPoint","urlTemplate":"https:\/\/champagne-adcoutelas.com\/gites\/?s={search_term_string}"},"query-input":{"@type":"PropertyValueSpecification","valueRequired":true,"valueName":"search_term_string"}}],"inLanguage":"fr-FR"},{"@type":"Organization","@id":"https:\/\/champagne-adcoutelas.com\/gites\/#organization","name":"Villa Louis Victor","url":"https:\/\/champagne-adcoutelas.com\/gites\/","logo":{"@type":"ImageObject","inLanguage":"fr-FR","@id":"https:\/\/champagne-adcoutelas.com\/gites\/#\/schema\/logo\/image\/","url":"https:\/\/champagne-adcoutelas.com\/gites\/wp-content\/uploads\/sites\/3\/2025\/03\/logo-blanc.png","contentUrl":"https:\/\/champagne-adcoutelas.com\/gites\/wp-content\/uploads\/sites\/3\/2025\/03\/logo-blanc.png","width":200,"height":200,"caption":"Villa Louis Victor"},"image":{"@id":"https:\/\/champagne-adcoutelas.com\/gites\/#\/schema\/logo\/image\/"},"sameAs":["https:\/\/www.facebook.com\/champagneadcoutelas","https:\/\/www.instagram.com\/villalouisvictor\/"]}]}},"_links":{"self":[{"href":"https:\/\/champagne-adcoutelas.com\/gites\/wp-json\/wp\/v2\/pages\/45","targetHints":{"allow":["GET"]}}],"collection":[{"href":"https:\/\/champagne-adcoutelas.com\/gites\/wp-json\/wp\/v2\/pages"}],"about":[{"href":"https:\/\/champagne-adcoutelas.com\/gites\/wp-json\/wp\/v2\/types\/page"}],"author":[{"embeddable":true,"href":"https:\/\/champagne-adcoutelas.com\/gites\/wp-json\/wp\/v2\/users\/1"}],"replies":[{"embeddable":true,"href":"https:\/\/champagne-adcoutelas.com\/gites\/wp-json\/wp\/v2\/comments?post=45"}],"version-history":[{"count":41,"href":"https:\/\/champagne-adcoutelas.com\/gites\/wp-json\/wp\/v2\/pages\/45\/revisions"}],"predecessor-version":[{"id":1565,"href":"https:\/\/champagne-adcoutelas.com\/gites\/wp-json\/wp\/v2\/pages\/45\/revisions\/1565"}],"wp:attachment":[{"href":"https:\/\/champagne-adcoutelas.com\/gites\/wp-json\/wp\/v2\/media?parent=45"}],"curies":[{"name":"wp","href":"https:\/\/api.w.org\/{rel}","templated":true}]}}